{"id":2887,"date":"2023-06-19T10:13:38","date_gmt":"2023-06-19T14:13:38","guid":{"rendered":"https:\/\/site-dev.ca\/2747TT\/home\/"},"modified":"2023-10-30T13:59:40","modified_gmt":"2023-10-30T17:59:40","slug":"home","status":"publish","type":"page","link":"https:\/\/skslaw.ca\/fr\/","title":{"rendered":"Home"},"content":{"rendered":"","protected":false},"excerpt":{"rendered":"","protected":false},"author":1,"featured_media":0,"parent":0,"menu_order":0,"comment_status":"closed","ping_status":"closed","template":"","meta":{"_acf_changed":false,"footnotes":""},"class_list":["post-2887","page","type-page","status-publish","hentry"],"acf":[],"yoast_head":"<!-- This site is optimized with the Yoast SEO plugin v27.4 - https:\/\/yoast.com\/product\/yoast-seo-wordpress\/ -->\n<title>SKS Law srl | Cabinet d\u2019avocats de niche | Ottawa et Vankleek Hill, Ontario<\/title>\n<meta name=\"description\" content=\"SKS Law srl est un cabinet d&#039;avocats de niche \u00e0 service complet en Ontario offrant des conseils juridiques en droit des soci\u00e9t\u00e9s, en immobilier, en planification successorale ainsi que d&#039;autres domaines. Prenez rendez-vous d\u00e8s maintenant !\" \/>\n<meta name=\"robots\" content=\"index, follow, max-snippet:-1, max-image-preview:large, max-video-preview:-1\" \/>\n<link rel=\"canonical\" href=\"https:\/\/skslaw.ca\/fr\/\" \/>\n<meta property=\"og:locale\" content=\"fr_FR\" \/>\n<meta property=\"og:type\" content=\"article\" \/>\n<meta property=\"og:title\" content=\"SKS Law srl | Cabinet d\u2019avocats de niche | Ottawa et Vankleek Hill, Ontario\" \/>\n<meta property=\"og:description\" content=\"SKS Law srl est un cabinet d&#039;avocats de niche \u00e0 service complet en Ontario offrant des conseils juridiques en droit des soci\u00e9t\u00e9s, en immobilier, en planification successorale ainsi que d&#039;autres domaines. Prenez rendez-vous d\u00e8s maintenant !\" \/>\n<meta property=\"og:url\" content=\"https:\/\/skslaw.ca\/fr\/\" \/>\n<meta property=\"og:site_name\" content=\"SKS Law\" \/>\n<meta property=\"article:modified_time\" content=\"2023-10-30T17:59:40+00:00\" \/>\n<meta property=\"og:image\" content=\"https:\/\/skslaw.ca\/wp-content\/uploads\/2023\/12\/220399_SKSL_Website_Design_and_Development_Twitter_Card_v1c_sl.jpg\" \/>\n\t<meta property=\"og:image:width\" content=\"1200\" \/>\n\t<meta property=\"og:image:height\" content=\"630\" \/>\n\t<meta property=\"og:image:type\" content=\"image\/jpeg\" \/>\n<meta name=\"twitter:card\" content=\"summary_large_image\" \/>\n<meta name=\"twitter:label1\" content=\"Dur\u00e9e de lecture estim\u00e9e\" \/>\n\t<meta name=\"twitter:data1\" content=\"1 minute\" \/>\n<script type=\"application\/ld+json\" class=\"yoast-schema-graph\">{\"@context\":\"https:\\\/\\\/schema.org\",\"@graph\":[{\"@type\":\"WebPage\",\"@id\":\"https:\\\/\\\/skslaw.ca\\\/fr\\\/\",\"url\":\"https:\\\/\\\/skslaw.ca\\\/fr\\\/\",\"name\":\"SKS Law srl | Cabinet d\u2019avocats de niche | Ottawa et Vankleek Hill, Ontario\",\"isPartOf\":{\"@id\":\"https:\\\/\\\/skslaw.ca\\\/#website\"},\"datePublished\":\"2023-06-19T14:13:38+00:00\",\"dateModified\":\"2023-10-30T17:59:40+00:00\",\"description\":\"SKS Law srl est un cabinet d'avocats de niche \u00e0 service complet en Ontario offrant des conseils juridiques en droit des soci\u00e9t\u00e9s, en immobilier, en planification successorale ainsi que d'autres domaines. Prenez rendez-vous d\u00e8s maintenant !\",\"breadcrumb\":{\"@id\":\"https:\\\/\\\/skslaw.ca\\\/fr\\\/#breadcrumb\"},\"inLanguage\":\"fr-FR\",\"potentialAction\":[{\"@type\":\"ReadAction\",\"target\":[\"https:\\\/\\\/skslaw.ca\\\/fr\\\/\"]}]},{\"@type\":\"BreadcrumbList\",\"@id\":\"https:\\\/\\\/skslaw.ca\\\/fr\\\/#breadcrumb\",\"itemListElement\":[{\"@type\":\"ListItem\",\"position\":1,\"name\":\"Home\",\"item\":\"https:\\\/\\\/skslaw.ca\\\/fr\\\/\"},{\"@type\":\"ListItem\",\"position\":2,\"name\":\"Home\"}]},{\"@type\":\"WebSite\",\"@id\":\"https:\\\/\\\/skslaw.ca\\\/#website\",\"url\":\"https:\\\/\\\/skslaw.ca\\\/\",\"name\":\"SKS Law\",\"description\":\"\",\"potentialAction\":[{\"@type\":\"SearchAction\",\"target\":{\"@type\":\"EntryPoint\",\"urlTemplate\":\"https:\\\/\\\/skslaw.ca\\\/?s={search_term_string}\"},\"query-input\":{\"@type\":\"PropertyValueSpecification\",\"valueRequired\":true,\"valueName\":\"search_term_string\"}}],\"inLanguage\":\"fr-FR\"}]}<\/script>\n<!-- \/ Yoast SEO plugin. -->","yoast_head_json":{"title":"SKS Law srl | Cabinet d\u2019avocats de niche | Ottawa et Vankleek Hill, Ontario","description":"SKS Law srl est un cabinet d'avocats de niche \u00e0 service complet en Ontario offrant des conseils juridiques en droit des soci\u00e9t\u00e9s, en immobilier, en planification successorale ainsi que d'autres domaines. Prenez rendez-vous d\u00e8s maintenant !","robots":{"index":"index","follow":"follow","max-snippet":"max-snippet:-1","max-image-preview":"max-image-preview:large","max-video-preview":"max-video-preview:-1"},"canonical":"https:\/\/skslaw.ca\/fr\/","og_locale":"fr_FR","og_type":"article","og_title":"SKS Law srl | Cabinet d\u2019avocats de niche | Ottawa et Vankleek Hill, Ontario","og_description":"SKS Law srl est un cabinet d'avocats de niche \u00e0 service complet en Ontario offrant des conseils juridiques en droit des soci\u00e9t\u00e9s, en immobilier, en planification successorale ainsi que d'autres domaines. Prenez rendez-vous d\u00e8s maintenant !","og_url":"https:\/\/skslaw.ca\/fr\/","og_site_name":"SKS Law","article_modified_time":"2023-10-30T17:59:40+00:00","og_image":[{"width":1200,"height":630,"url":"https:\/\/skslaw.ca\/wp-content\/uploads\/2023\/12\/220399_SKSL_Website_Design_and_Development_Twitter_Card_v1c_sl.jpg","type":"image\/jpeg"}],"twitter_card":"summary_large_image","twitter_misc":{"Dur\u00e9e de lecture estim\u00e9e":"1 minute"},"schema":{"@context":"https:\/\/schema.org","@graph":[{"@type":"WebPage","@id":"https:\/\/skslaw.ca\/fr\/","url":"https:\/\/skslaw.ca\/fr\/","name":"SKS Law srl | Cabinet d\u2019avocats de niche | Ottawa et Vankleek Hill, Ontario","isPartOf":{"@id":"https:\/\/skslaw.ca\/#website"},"datePublished":"2023-06-19T14:13:38+00:00","dateModified":"2023-10-30T17:59:40+00:00","description":"SKS Law srl est un cabinet d'avocats de niche \u00e0 service complet en Ontario offrant des conseils juridiques en droit des soci\u00e9t\u00e9s, en immobilier, en planification successorale ainsi que d'autres domaines. Prenez rendez-vous d\u00e8s maintenant !","breadcrumb":{"@id":"https:\/\/skslaw.ca\/fr\/#breadcrumb"},"inLanguage":"fr-FR","potentialAction":[{"@type":"ReadAction","target":["https:\/\/skslaw.ca\/fr\/"]}]},{"@type":"BreadcrumbList","@id":"https:\/\/skslaw.ca\/fr\/#breadcrumb","itemListElement":[{"@type":"ListItem","position":1,"name":"Home","item":"https:\/\/skslaw.ca\/fr\/"},{"@type":"ListItem","position":2,"name":"Home"}]},{"@type":"WebSite","@id":"https:\/\/skslaw.ca\/#website","url":"https:\/\/skslaw.ca\/","name":"SKS Law","description":"","potentialAction":[{"@type":"SearchAction","target":{"@type":"EntryPoint","urlTemplate":"https:\/\/skslaw.ca\/?s={search_term_string}"},"query-input":{"@type":"PropertyValueSpecification","valueRequired":true,"valueName":"search_term_string"}}],"inLanguage":"fr-FR"}]}},"_links":{"self":[{"href":"https:\/\/skslaw.ca\/fr\/wp-json\/wp\/v2\/pages\/2887","targetHints":{"allow":["GET"]}}],"collection":[{"href":"https:\/\/skslaw.ca\/fr\/wp-json\/wp\/v2\/pages"}],"about":[{"href":"https:\/\/skslaw.ca\/fr\/wp-json\/wp\/v2\/types\/page"}],"author":[{"embeddable":true,"href":"https:\/\/skslaw.ca\/fr\/wp-json\/wp\/v2\/users\/1"}],"replies":[{"embeddable":true,"href":"https:\/\/skslaw.ca\/fr\/wp-json\/wp\/v2\/comments?post=2887"}],"version-history":[{"count":3,"href":"https:\/\/skslaw.ca\/fr\/wp-json\/wp\/v2\/pages\/2887\/revisions"}],"predecessor-version":[{"id":2998,"href":"https:\/\/skslaw.ca\/fr\/wp-json\/wp\/v2\/pages\/2887\/revisions\/2998"}],"wp:attachment":[{"href":"https:\/\/skslaw.ca\/fr\/wp-json\/wp\/v2\/media?parent=2887"}],"curies":[{"name":"wp","href":"https:\/\/api.w.org\/{rel}","templated":true}]}}