{"id":2909,"date":"2023-06-19T10:13:38","date_gmt":"2023-06-19T14:13:38","guid":{"rendered":"https:\/\/site-dev.ca\/2747TT\/the-firm\/"},"modified":"2023-12-05T15:19:10","modified_gmt":"2023-12-05T20:19:10","slug":"le-cabinet","status":"publish","type":"page","link":"https:\/\/skslaw.ca\/fr\/le-cabinet\/","title":{"rendered":"Le cabinet"},"content":{"rendered":"","protected":false},"excerpt":{"rendered":"","protected":false},"author":1,"featured_media":0,"parent":0,"menu_order":1,"comment_status":"closed","ping_status":"closed","template":"templates\/firm.php","meta":{"_acf_changed":false,"footnotes":""},"class_list":["post-2909","page","type-page","status-publish","hentry"],"acf":[],"yoast_head":"<!-- This site is optimized with the Yoast SEO plugin v27.3 - https:\/\/yoast.com\/product\/yoast-seo-wordpress\/ -->\n<title>SKS Law srl | Votre partenaire juridique de confiance | Ottawa et Vankleek Hill<\/title>\n<meta name=\"description\" content=\"L&#039;\u00e9quipe juridique de SKS Law srl est au service des entreprises, des organismes \u00e0 but non lucratif et des particuliers de tout l&#039;Ontario \u00e0 la recherche de repr\u00e9sentation en mati\u00e8re de droit des soci\u00e9t\u00e9s, d&#039;immobilier, de planification successorale et plus encore.\" \/>\n<meta name=\"robots\" content=\"index, follow, max-snippet:-1, max-image-preview:large, max-video-preview:-1\" \/>\n<link rel=\"canonical\" href=\"https:\/\/skslaw.ca\/fr\/le-cabinet\/\" \/>\n<meta property=\"og:locale\" content=\"fr_FR\" \/>\n<meta property=\"og:type\" content=\"article\" \/>\n<meta property=\"og:title\" content=\"SKS Law srl | Votre partenaire juridique de confiance | Ottawa et Vankleek Hill\" \/>\n<meta property=\"og:description\" content=\"L&#039;\u00e9quipe juridique de SKS Law srl est au service des entreprises, des organismes \u00e0 but non lucratif et des particuliers de tout l&#039;Ontario \u00e0 la recherche de repr\u00e9sentation en mati\u00e8re de droit des soci\u00e9t\u00e9s, d&#039;immobilier, de planification successorale et plus encore.\" \/>\n<meta property=\"og:url\" content=\"https:\/\/skslaw.ca\/fr\/le-cabinet\/\" \/>\n<meta property=\"og:site_name\" content=\"SKS Law\" \/>\n<meta property=\"article:modified_time\" content=\"2023-12-05T20:19:10+00:00\" \/>\n<meta property=\"og:image\" content=\"https:\/\/skslaw.ca\/wp-content\/uploads\/2023\/12\/220399_SKSL_Website_Design_and_Development_Twitter_Card_v1c_sl.jpg\" \/>\n\t<meta property=\"og:image:width\" content=\"1200\" \/>\n\t<meta property=\"og:image:height\" content=\"630\" \/>\n\t<meta property=\"og:image:type\" content=\"image\/jpeg\" \/>\n<meta name=\"twitter:card\" content=\"summary_large_image\" \/>\n<script type=\"application\/ld+json\" class=\"yoast-schema-graph\">{\"@context\":\"https:\\\/\\\/schema.org\",\"@graph\":[{\"@type\":\"WebPage\",\"@id\":\"https:\\\/\\\/skslaw.ca\\\/fr\\\/le-cabinet\\\/\",\"url\":\"https:\\\/\\\/skslaw.ca\\\/fr\\\/le-cabinet\\\/\",\"name\":\"SKS Law srl | Votre partenaire juridique de confiance | Ottawa et Vankleek Hill\",\"isPartOf\":{\"@id\":\"https:\\\/\\\/skslaw.ca\\\/#website\"},\"datePublished\":\"2023-06-19T14:13:38+00:00\",\"dateModified\":\"2023-12-05T20:19:10+00:00\",\"description\":\"L'\u00e9quipe juridique de SKS Law srl est au service des entreprises, des organismes \u00e0 but non lucratif et des particuliers de tout l'Ontario \u00e0 la recherche de repr\u00e9sentation en mati\u00e8re de droit des soci\u00e9t\u00e9s, d'immobilier, de planification successorale et plus encore.\",\"breadcrumb\":{\"@id\":\"https:\\\/\\\/skslaw.ca\\\/fr\\\/le-cabinet\\\/#breadcrumb\"},\"inLanguage\":\"fr-FR\",\"potentialAction\":[{\"@type\":\"ReadAction\",\"target\":[\"https:\\\/\\\/skslaw.ca\\\/fr\\\/le-cabinet\\\/\"]}]},{\"@type\":\"BreadcrumbList\",\"@id\":\"https:\\\/\\\/skslaw.ca\\\/fr\\\/le-cabinet\\\/#breadcrumb\",\"itemListElement\":[{\"@type\":\"ListItem\",\"position\":1,\"name\":\"Home\",\"item\":\"https:\\\/\\\/skslaw.ca\\\/fr\\\/\"},{\"@type\":\"ListItem\",\"position\":2,\"name\":\"Le cabinet\"}]},{\"@type\":\"WebSite\",\"@id\":\"https:\\\/\\\/skslaw.ca\\\/#website\",\"url\":\"https:\\\/\\\/skslaw.ca\\\/\",\"name\":\"SKS Law\",\"description\":\"\",\"potentialAction\":[{\"@type\":\"SearchAction\",\"target\":{\"@type\":\"EntryPoint\",\"urlTemplate\":\"https:\\\/\\\/skslaw.ca\\\/?s={search_term_string}\"},\"query-input\":{\"@type\":\"PropertyValueSpecification\",\"valueRequired\":true,\"valueName\":\"search_term_string\"}}],\"inLanguage\":\"fr-FR\"}]}<\/script>\n<!-- \/ Yoast SEO plugin. -->","yoast_head_json":{"title":"SKS Law srl | Votre partenaire juridique de confiance | Ottawa et Vankleek Hill","description":"L'\u00e9quipe juridique de SKS Law srl est au service des entreprises, des organismes \u00e0 but non lucratif et des particuliers de tout l'Ontario \u00e0 la recherche de repr\u00e9sentation en mati\u00e8re de droit des soci\u00e9t\u00e9s, d'immobilier, de planification successorale et plus encore.","robots":{"index":"index","follow":"follow","max-snippet":"max-snippet:-1","max-image-preview":"max-image-preview:large","max-video-preview":"max-video-preview:-1"},"canonical":"https:\/\/skslaw.ca\/fr\/le-cabinet\/","og_locale":"fr_FR","og_type":"article","og_title":"SKS Law srl | Votre partenaire juridique de confiance | Ottawa et Vankleek Hill","og_description":"L'\u00e9quipe juridique de SKS Law srl est au service des entreprises, des organismes \u00e0 but non lucratif et des particuliers de tout l'Ontario \u00e0 la recherche de repr\u00e9sentation en mati\u00e8re de droit des soci\u00e9t\u00e9s, d'immobilier, de planification successorale et plus encore.","og_url":"https:\/\/skslaw.ca\/fr\/le-cabinet\/","og_site_name":"SKS Law","article_modified_time":"2023-12-05T20:19:10+00:00","og_image":[{"width":1200,"height":630,"url":"https:\/\/skslaw.ca\/wp-content\/uploads\/2023\/12\/220399_SKSL_Website_Design_and_Development_Twitter_Card_v1c_sl.jpg","type":"image\/jpeg"}],"twitter_card":"summary_large_image","schema":{"@context":"https:\/\/schema.org","@graph":[{"@type":"WebPage","@id":"https:\/\/skslaw.ca\/fr\/le-cabinet\/","url":"https:\/\/skslaw.ca\/fr\/le-cabinet\/","name":"SKS Law srl | Votre partenaire juridique de confiance | Ottawa et Vankleek Hill","isPartOf":{"@id":"https:\/\/skslaw.ca\/#website"},"datePublished":"2023-06-19T14:13:38+00:00","dateModified":"2023-12-05T20:19:10+00:00","description":"L'\u00e9quipe juridique de SKS Law srl est au service des entreprises, des organismes \u00e0 but non lucratif et des particuliers de tout l'Ontario \u00e0 la recherche de repr\u00e9sentation en mati\u00e8re de droit des soci\u00e9t\u00e9s, d'immobilier, de planification successorale et plus encore.","breadcrumb":{"@id":"https:\/\/skslaw.ca\/fr\/le-cabinet\/#breadcrumb"},"inLanguage":"fr-FR","potentialAction":[{"@type":"ReadAction","target":["https:\/\/skslaw.ca\/fr\/le-cabinet\/"]}]},{"@type":"BreadcrumbList","@id":"https:\/\/skslaw.ca\/fr\/le-cabinet\/#breadcrumb","itemListElement":[{"@type":"ListItem","position":1,"name":"Home","item":"https:\/\/skslaw.ca\/fr\/"},{"@type":"ListItem","position":2,"name":"Le cabinet"}]},{"@type":"WebSite","@id":"https:\/\/skslaw.ca\/#website","url":"https:\/\/skslaw.ca\/","name":"SKS Law","description":"","potentialAction":[{"@type":"SearchAction","target":{"@type":"EntryPoint","urlTemplate":"https:\/\/skslaw.ca\/?s={search_term_string}"},"query-input":{"@type":"PropertyValueSpecification","valueRequired":true,"valueName":"search_term_string"}}],"inLanguage":"fr-FR"}]}},"_links":{"self":[{"href":"https:\/\/skslaw.ca\/fr\/wp-json\/wp\/v2\/pages\/2909","targetHints":{"allow":["GET"]}}],"collection":[{"href":"https:\/\/skslaw.ca\/fr\/wp-json\/wp\/v2\/pages"}],"about":[{"href":"https:\/\/skslaw.ca\/fr\/wp-json\/wp\/v2\/types\/page"}],"author":[{"embeddable":true,"href":"https:\/\/skslaw.ca\/fr\/wp-json\/wp\/v2\/users\/1"}],"replies":[{"embeddable":true,"href":"https:\/\/skslaw.ca\/fr\/wp-json\/wp\/v2\/comments?post=2909"}],"version-history":[{"count":3,"href":"https:\/\/skslaw.ca\/fr\/wp-json\/wp\/v2\/pages\/2909\/revisions"}],"predecessor-version":[{"id":2981,"href":"https:\/\/skslaw.ca\/fr\/wp-json\/wp\/v2\/pages\/2909\/revisions\/2981"}],"wp:attachment":[{"href":"https:\/\/skslaw.ca\/fr\/wp-json\/wp\/v2\/media?parent=2909"}],"curies":[{"name":"wp","href":"https:\/\/api.w.org\/{rel}","templated":true}]}}