{"id":2912,"date":"2023-06-19T10:13:38","date_gmt":"2023-06-19T14:13:38","guid":{"rendered":"https:\/\/site-dev.ca\/2747TT\/practice-areas\/"},"modified":"2023-12-04T10:41:25","modified_gmt":"2023-12-04T15:41:25","slug":"domaines-expertise","status":"publish","type":"page","link":"https:\/\/skslaw.ca\/fr\/domaines-expertise\/","title":{"rendered":"Domaines d&rsquo;expertise"},"content":{"rendered":"","protected":false},"excerpt":{"rendered":"","protected":false},"author":1,"featured_media":0,"parent":0,"menu_order":2,"comment_status":"closed","ping_status":"closed","template":"","meta":{"_acf_changed":false,"footnotes":""},"class_list":["post-2912","page","type-page","status-publish","hentry"],"acf":[],"yoast_head":"<!-- This site is optimized with the Yoast SEO plugin v27.3 - https:\/\/yoast.com\/product\/yoast-seo-wordpress\/ -->\n<title>Domaines d&#039;expertise - SKS Law<\/title>\n<meta name=\"description\" content=\"D\u00e9couvrez les Domaines de Pratique Juridique chez SKS Law LLP, sp\u00e9cialis\u00e9s en Droit des Soci\u00e9t\u00e9s, Immobilier, Planification Successorale et Plus pour les Clients en Ontario.\" \/>\n<meta name=\"robots\" content=\"index, follow, max-snippet:-1, max-image-preview:large, max-video-preview:-1\" \/>\n<link rel=\"canonical\" href=\"https:\/\/skslaw.ca\/practice-areas\/\" \/>\n<meta property=\"og:locale\" content=\"fr_FR\" \/>\n<meta property=\"og:type\" content=\"article\" \/>\n<meta property=\"og:title\" content=\"Domaines d&#039;expertise - SKS Law\" \/>\n<meta property=\"og:description\" content=\"D\u00e9couvrez les Domaines de Pratique Juridique chez SKS Law LLP, sp\u00e9cialis\u00e9s en Droit des Soci\u00e9t\u00e9s, Immobilier, Planification Successorale et Plus pour les Clients en Ontario.\" \/>\n<meta property=\"og:url\" content=\"https:\/\/skslaw.ca\/practice-areas\/\" \/>\n<meta property=\"og:site_name\" content=\"SKS Law\" \/>\n<meta property=\"article:modified_time\" content=\"2023-12-04T15:41:25+00:00\" \/>\n<meta property=\"og:image\" content=\"https:\/\/skslaw.ca\/wp-content\/uploads\/2023\/12\/220399_SKSL_Website_Design_and_Development_Twitter_Card_v1c_sl.jpg\" \/>\n\t<meta property=\"og:image:width\" content=\"1200\" \/>\n\t<meta property=\"og:image:height\" content=\"630\" \/>\n\t<meta property=\"og:image:type\" content=\"image\/jpeg\" \/>\n<meta name=\"twitter:card\" content=\"summary_large_image\" \/>\n<script type=\"application\/ld+json\" class=\"yoast-schema-graph\">{\"@context\":\"https:\\\/\\\/schema.org\",\"@graph\":[{\"@type\":\"WebPage\",\"@id\":\"https:\\\/\\\/skslaw.ca\\\/practice-areas\\\/\",\"url\":\"https:\\\/\\\/skslaw.ca\\\/practice-areas\\\/\",\"name\":\"Domaines d'expertise - SKS Law\",\"isPartOf\":{\"@id\":\"https:\\\/\\\/skslaw.ca\\\/#website\"},\"datePublished\":\"2023-06-19T14:13:38+00:00\",\"dateModified\":\"2023-12-04T15:41:25+00:00\",\"description\":\"D\u00e9couvrez les Domaines de Pratique Juridique chez SKS Law LLP, sp\u00e9cialis\u00e9s en Droit des Soci\u00e9t\u00e9s, Immobilier, Planification Successorale et Plus pour les Clients en Ontario.\",\"breadcrumb\":{\"@id\":\"https:\\\/\\\/skslaw.ca\\\/practice-areas\\\/#breadcrumb\"},\"inLanguage\":\"fr-FR\",\"potentialAction\":[{\"@type\":\"ReadAction\",\"target\":[\"https:\\\/\\\/skslaw.ca\\\/practice-areas\\\/\"]}]},{\"@type\":\"BreadcrumbList\",\"@id\":\"https:\\\/\\\/skslaw.ca\\\/practice-areas\\\/#breadcrumb\",\"itemListElement\":[{\"@type\":\"ListItem\",\"position\":1,\"name\":\"Home\",\"item\":\"https:\\\/\\\/skslaw.ca\\\/fr\\\/\"},{\"@type\":\"ListItem\",\"position\":2,\"name\":\"Domaines d&#8217;expertise\"}]},{\"@type\":\"WebSite\",\"@id\":\"https:\\\/\\\/skslaw.ca\\\/#website\",\"url\":\"https:\\\/\\\/skslaw.ca\\\/\",\"name\":\"SKS Law\",\"description\":\"\",\"potentialAction\":[{\"@type\":\"SearchAction\",\"target\":{\"@type\":\"EntryPoint\",\"urlTemplate\":\"https:\\\/\\\/skslaw.ca\\\/?s={search_term_string}\"},\"query-input\":{\"@type\":\"PropertyValueSpecification\",\"valueRequired\":true,\"valueName\":\"search_term_string\"}}],\"inLanguage\":\"fr-FR\"}]}<\/script>\n<!-- \/ Yoast SEO plugin. -->","yoast_head_json":{"title":"Domaines d'expertise - SKS Law","description":"D\u00e9couvrez les Domaines de Pratique Juridique chez SKS Law LLP, sp\u00e9cialis\u00e9s en Droit des Soci\u00e9t\u00e9s, Immobilier, Planification Successorale et Plus pour les Clients en Ontario.","robots":{"index":"index","follow":"follow","max-snippet":"max-snippet:-1","max-image-preview":"max-image-preview:large","max-video-preview":"max-video-preview:-1"},"canonical":"https:\/\/skslaw.ca\/practice-areas\/","og_locale":"fr_FR","og_type":"article","og_title":"Domaines d'expertise - SKS Law","og_description":"D\u00e9couvrez les Domaines de Pratique Juridique chez SKS Law LLP, sp\u00e9cialis\u00e9s en Droit des Soci\u00e9t\u00e9s, Immobilier, Planification Successorale et Plus pour les Clients en Ontario.","og_url":"https:\/\/skslaw.ca\/practice-areas\/","og_site_name":"SKS Law","article_modified_time":"2023-12-04T15:41:25+00:00","og_image":[{"width":1200,"height":630,"url":"https:\/\/skslaw.ca\/wp-content\/uploads\/2023\/12\/220399_SKSL_Website_Design_and_Development_Twitter_Card_v1c_sl.jpg","type":"image\/jpeg"}],"twitter_card":"summary_large_image","schema":{"@context":"https:\/\/schema.org","@graph":[{"@type":"WebPage","@id":"https:\/\/skslaw.ca\/practice-areas\/","url":"https:\/\/skslaw.ca\/practice-areas\/","name":"Domaines d'expertise - SKS Law","isPartOf":{"@id":"https:\/\/skslaw.ca\/#website"},"datePublished":"2023-06-19T14:13:38+00:00","dateModified":"2023-12-04T15:41:25+00:00","description":"D\u00e9couvrez les Domaines de Pratique Juridique chez SKS Law LLP, sp\u00e9cialis\u00e9s en Droit des Soci\u00e9t\u00e9s, Immobilier, Planification Successorale et Plus pour les Clients en Ontario.","breadcrumb":{"@id":"https:\/\/skslaw.ca\/practice-areas\/#breadcrumb"},"inLanguage":"fr-FR","potentialAction":[{"@type":"ReadAction","target":["https:\/\/skslaw.ca\/practice-areas\/"]}]},{"@type":"BreadcrumbList","@id":"https:\/\/skslaw.ca\/practice-areas\/#breadcrumb","itemListElement":[{"@type":"ListItem","position":1,"name":"Home","item":"https:\/\/skslaw.ca\/fr\/"},{"@type":"ListItem","position":2,"name":"Domaines d&#8217;expertise"}]},{"@type":"WebSite","@id":"https:\/\/skslaw.ca\/#website","url":"https:\/\/skslaw.ca\/","name":"SKS Law","description":"","potentialAction":[{"@type":"SearchAction","target":{"@type":"EntryPoint","urlTemplate":"https:\/\/skslaw.ca\/?s={search_term_string}"},"query-input":{"@type":"PropertyValueSpecification","valueRequired":true,"valueName":"search_term_string"}}],"inLanguage":"fr-FR"}]}},"_links":{"self":[{"href":"https:\/\/skslaw.ca\/fr\/wp-json\/wp\/v2\/pages\/2912","targetHints":{"allow":["GET"]}}],"collection":[{"href":"https:\/\/skslaw.ca\/fr\/wp-json\/wp\/v2\/pages"}],"about":[{"href":"https:\/\/skslaw.ca\/fr\/wp-json\/wp\/v2\/types\/page"}],"author":[{"embeddable":true,"href":"https:\/\/skslaw.ca\/fr\/wp-json\/wp\/v2\/users\/1"}],"replies":[{"embeddable":true,"href":"https:\/\/skslaw.ca\/fr\/wp-json\/wp\/v2\/comments?post=2912"}],"version-history":[{"count":1,"href":"https:\/\/skslaw.ca\/fr\/wp-json\/wp\/v2\/pages\/2912\/revisions"}],"predecessor-version":[{"id":2921,"href":"https:\/\/skslaw.ca\/fr\/wp-json\/wp\/v2\/pages\/2912\/revisions\/2921"}],"wp:attachment":[{"href":"https:\/\/skslaw.ca\/fr\/wp-json\/wp\/v2\/media?parent=2912"}],"curies":[{"name":"wp","href":"https:\/\/api.w.org\/{rel}","templated":true}]}}